{"id":9232,"date":"2024-06-20T13:02:24","date_gmt":"2024-06-20T11:02:24","guid":{"rendered":"https:\/\/oxxot.com\/prodotto\/ipix\/"},"modified":"2024-06-20T13:02:24","modified_gmt":"2024-06-20T11:02:24","slug":"ipix","status":"publish","type":"product","link":"https:\/\/oxxot.com\/es\/prodotto\/ipix\/","title":{"rendered":"iPix"},"content":{"rendered":"<p>iPix es una plataforma de radiofrecuencia multipolar modulable altamente efectiva que, gracias a sus sistemas de emisi\u00f3n innovadores Arrow System y Bow System, ofrece una amplia gama de aplicaciones con excelentes resultados.<\/p>\n<p>La capacidad completa de modular los par\u00e1metros de uso proporcionar\u00e1 una mayor satisfacci\u00f3n a los pacientes, quienes finalmente podr\u00e1n beneficiarse de tratamientos espec\u00edficos y dirigidos a sus necesidades.<\/p>\n<p>La radiofrecuencia fraccionada y el Needling, dos m\u00e9todos de probada eficacia, se combinan de manera altamente efectiva para garantizar resultados \u00f3ptimos.<\/p>\n<ul>\n<li>Extrema homogeneidad t\u00e9rmica<\/li>\n<li>Mayor profundidad de penetraci\u00f3n<\/li>\n<li>Seguridad y control de emisi\u00f3n<\/li>\n<li>M\u00e1xima ergonom\u00eda del aplicador<\/li>\n<li>Calentamiento dirigido de la dermis<\/li>\n<li>Resultados naturales evidentes y progresivos<\/li>\n<li>Extrema precisi\u00f3n y garant\u00eda de resultados<\/li>\n<li>.<\/li>\n<\/ul>\n<p>iPix est\u00e1 dise\u00f1ado para alcanzar nuevos horizontes en t\u00e9rminos de resultados, tanto en tecnolog\u00eda como en m\u00e9todos de tratamiento dirigidos para lograr un rejuvenecimiento natural de la cara, el cuello y todo el cuerpo.<\/p>\n","protected":false},"excerpt":{"rendered":"<p>Es la soluci\u00f3n revolucionaria para el rejuvenecimiento cut\u00e1neo mediante resurfacing de la piel. Una t\u00e9cnica innovadora que genera calor dirigido en profundidad en los tejidos.<\/p>\n","protected":false},"featured_media":9233,"comment_status":"open","ping_status":"closed","template":"","meta":{"_acf_changed":false},"patologia":[],"tipologia":[],"product_brand":[],"product_cat":[158],"product_tag":[],"class_list":{"0":"post-9232","1":"product","2":"type-product","3":"status-publish","4":"has-post-thumbnail","6":"product_cat-professional-line-es","7":"page-type-home-care","9":"first","10":"instock","11":"taxable","12":"shipping-taxable","13":"product-type-simple"},"acf":[],"_links":{"self":[{"href":"https:\/\/oxxot.com\/es\/wp-json\/wp\/v2\/product\/9232","targetHints":{"allow":["GET"]}}],"collection":[{"href":"https:\/\/oxxot.com\/es\/wp-json\/wp\/v2\/product"}],"about":[{"href":"https:\/\/oxxot.com\/es\/wp-json\/wp\/v2\/types\/product"}],"replies":[{"embeddable":true,"href":"https:\/\/oxxot.com\/es\/wp-json\/wp\/v2\/comments?post=9232"}],"wp:featuredmedia":[{"embeddable":true,"href":"https:\/\/oxxot.com\/es\/wp-json\/wp\/v2\/media\/9233"}],"wp:attachment":[{"href":"https:\/\/oxxot.com\/es\/wp-json\/wp\/v2\/media?parent=9232"}],"wp:term":[{"taxonomy":"patologia","embeddable":true,"href":"https:\/\/oxxot.com\/es\/wp-json\/wp\/v2\/patologia?post=9232"},{"taxonomy":"tipologia","embeddable":true,"href":"https:\/\/oxxot.com\/es\/wp-json\/wp\/v2\/tipologia?post=9232"},{"taxonomy":"product_brand","embeddable":true,"href":"https:\/\/oxxot.com\/es\/wp-json\/wp\/v2\/product_brand?post=9232"},{"taxonomy":"product_cat","embeddable":true,"href":"https:\/\/oxxot.com\/es\/wp-json\/wp\/v2\/product_cat?post=9232"},{"taxonomy":"product_tag","embeddable":true,"href":"https:\/\/oxxot.com\/es\/wp-json\/wp\/v2\/product_tag?post=9232"}],"curies":[{"name":"wp","href":"https:\/\/api.w.org\/{rel}","templated":true}]}}