{"id":9230,"date":"2023-12-22T12:26:45","date_gmt":"2023-12-22T11:26:45","guid":{"rendered":"https:\/\/oxxot.com\/termini-y-condiciones\/"},"modified":"2024-07-11T15:13:44","modified_gmt":"2024-07-11T13:13:44","slug":"termini-y-condiciones","status":"publish","type":"page","link":"https:\/\/oxxot.com\/es\/termini-y-condiciones\/","title":{"rendered":"Termini y Condiciones"},"content":{"rendered":"\t\t<div data-elementor-type=\"wp-page\" data-elementor-id=\"9230\" class=\"elementor elementor-9230 elementor-23\" data-elementor-post-type=\"page\">\n\t\t\t\t<div class=\"elementor-element elementor-element-e587277 e-con-full e-flex e-con e-parent\" data-id=\"e587277\" data-element_type=\"container\">\n\t\t\t\t<div class=\"elementor-element elementor-element-3ea3205 elementor-widget elementor-widget-shortcode\" data-id=\"3ea3205\" data-element_type=\"widget\" data-widget_type=\"shortcode.default\">\n\t\t\t\t<div class=\"elementor-widget-container\">\n\t\t\t\t\t\t\t<div class=\"elementor-shortcode\">\t\t<div data-elementor-type=\"section\" data-elementor-id=\"9432\" class=\"elementor elementor-9432 elementor-5609 elementor-5609\" data-elementor-post-type=\"elementor_library\">\n\t\t\t<div class=\"elementor-element elementor-element-57cf5ff e-con-full e-flex e-con e-parent\" data-id=\"57cf5ff\" data-element_type=\"container\">\n\t\t<div class=\"elementor-element elementor-element-f542f30 e-flex e-con-boxed e-con e-child\" data-id=\"f542f30\" data-element_type=\"container\" data-settings=\"{&quot;background_background&quot;:&quot;classic&quot;}\">\n\t\t\t\t\t<div class=\"e-con-inner\">\n\t\t<div class=\"elementor-element elementor-element-6106879 e-flex e-con-boxed e-con e-child\" data-id=\"6106879\" data-element_type=\"container\">\n\t\t\t\t\t<div class=\"e-con-inner\">\n\t\t\t\t<div class=\"elementor-element elementor-element-096f13b elementor-widget__width-initial has-dots elementor-widget elementor-widget-heading\" data-id=\"096f13b\" data-element_type=\"widget\" data-widget_type=\"heading.default\">\n\t\t\t\t<div class=\"elementor-widget-container\">\n\t\t\t\t\t<h1 class=\"elementor-heading-title elementor-size-default\">Termini y Condiciones<\/h1>\t\t\t\t<\/div>\n\t\t\t\t<\/div>\n\t\t\t\t<div class=\"elementor-element elementor-element-76092ca elementor-absolute e-transform elementor-widget elementor-widget-image\" data-id=\"76092ca\" data-element_type=\"widget\" data-settings=\"{&quot;_position&quot;:&quot;absolute&quot;,&quot;_transform_rotateZ_effect&quot;:{&quot;unit&quot;:&quot;px&quot;,&quot;size&quot;:12,&quot;sizes&quot;:[]},&quot;_transform_rotateZ_effect_tablet&quot;:{&quot;unit&quot;:&quot;deg&quot;,&quot;size&quot;:&quot;&quot;,&quot;sizes&quot;:[]},&quot;_transform_rotateZ_effect_mobile&quot;:{&quot;unit&quot;:&quot;deg&quot;,&quot;size&quot;:&quot;&quot;,&quot;sizes&quot;:[]}}\" data-widget_type=\"image.default\">\n\t\t\t\t<div class=\"elementor-widget-container\">\n\t\t\t\t\t\t\t\t\t\t\t\t\t\t\t<img decoding=\"async\" width=\"103\" height=\"105\" src=\"https:\/\/oxxot.com\/wp-content\/uploads\/2024\/01\/oxxot-dots.png\" class=\"attachment-large size-large wp-image-5842\" alt=\"\" \/>\t\t\t\t\t\t\t\t\t\t\t\t\t\t\t<\/div>\n\t\t\t\t<\/div>\n\t\t\t\t\t<\/div>\n\t\t\t\t<\/div>\n\t\t\t\t\t<\/div>\n\t\t\t\t<\/div>\n\t\t\t\t<\/div>\n\t\t\t\t<\/div>\n\t\t<\/div>\n\t\t\t\t\t\t<\/div>\n\t\t\t\t<\/div>\n\t\t\t\t<\/div>\n\t\t<div class=\"elementor-element elementor-element-99f0ae2 e-flex e-con-boxed e-con e-parent\" data-id=\"99f0ae2\" data-element_type=\"container\">\n\t\t\t\t\t<div class=\"e-con-inner\">\n\t\t\t\t<div class=\"elementor-element elementor-element-33962fa elementor-widget elementor-widget-text-editor\" data-id=\"33962fa\" data-element_type=\"widget\" data-widget_type=\"text-editor.default\">\n\t\t\t\t<div class=\"elementor-widget-container\">\n\t\t\t\t\t\t\t\t\t<h2>1. Definiciones<\/h2>\n<p>Comprador: la persona o la empresa que compra o acepta comprar la mercanc\u00eda del Vendedor.<\/p>\n<p>Condiciones: los t\u00e9rminos y condiciones de venta indicados en este documento y todos los t\u00e9rminos y condiciones especiales acordados por escrito por el Vendedor.<\/p>\n<p>Mercanc\u00eda: los art\u00edculos que el Comprador acepta comprar del Vendedor.<\/p>\n<p>Precio: el precio de la mercanc\u00eda, excluyendo el IVA y cualquier gasto de transporte, embalaje y seguro.<\/p>\n<p>Vendedor: OXXOT S.r.l.<br \/>VAT: IT 10321420969<br \/>Direcci\u00f3n: Via San Gregorio 55 \u2013 20124 Milano<\/p>\n<h2>2. Condizioni<\/h2>\n<p>2.1 Estas Condiciones constituir\u00e1n la base del contrato entre el Vendedor y el Comprador en relaci\u00f3n con la venta de Mercanc\u00edas, excluyendo todos los dem\u00e1s t\u00e9rminos y condiciones, incluidas las condiciones est\u00e1ndar de compra del Comprador o cualquier otra condici\u00f3n que el Comprador pueda intentar aplicar bajo cualquier orden de compra, confirmaci\u00f3n de pedido u otro documento.<\/p>\n<p>2.2 Todos los pedidos de mercanc\u00edas se considerar\u00e1n como una oferta por parte del Comprador para la compra de mercanc\u00edas al Vendedor de acuerdo con estas Condiciones.<\/p>\n<p>2.3 La aceptaci\u00f3n de la entrega de la Mercanc\u00eda se considerar\u00e1 prueba concluyente de la aceptaci\u00f3n por parte del Comprador de estas Condiciones.<\/p>\n<p>2.4 Estas Condiciones no pueden modificarse excepto mediante acuerdo escrito del [un direttore del] Vendedor.<\/p>\n<p>2.5 Estas Condiciones constituyen el acuerdo completo entre el Vendedor y el Comprador y sustituyen cualquier otra condici\u00f3n previamente emitida.<\/p>\n<h2>3. Precio<\/h2>\n<p>El Precio ser\u00e1 [importo] (o [il prezzo indicato sulla conferma d&#8217;ordine del Venditore]. El precio es neto del IVA que ser\u00e1 debido a la tasa vigente en la fecha de la factura del vendedor.<\/p>\n<h2><strong><br \/><\/strong>4. Pago e intereses<\/h2>\n<p>4.1 El pago del precio y del IVA es debido simult\u00e1neamente a la compra en el sitio o dentro de los t\u00e9rminos indicados en la factura.<\/p>\n<p>4.2 Los intereses sobre facturas vencidas se devengar\u00e1n desde la fecha en que el pago se vuelva exigible, calculados diariamente hasta la fecha del pago, a una tasa del 8% anual sobre la tasa base del Banco de Italia vigente en ese momento. Los intereses se devengar\u00e1n antes y despu\u00e9s de cualquier juicio.<\/p>\n<p>4.3 El Comprador deber\u00e1 pagar \u00edntegramente y no ejercer ning\u00fan derecho de compensaci\u00f3n o reclamaci\u00f3n contra las facturas emitidas por el Vendedor.<\/p>\n<h2>5. Mercanc\u00edas<\/h2>\n<p>La cantidad y la descripci\u00f3n de los Productos deben ser las indicadas en la confirmaci\u00f3n de pedido del Vendedor.<\/p>\n<h2>6. Garant\u00edas<\/h2>\n<p>El Vendedor garantiza que las Mercanc\u00edas corresponder\u00e1n en el momento de la entrega a la descripci\u00f3n proporcionada por el Vendedor en la confirmaci\u00f3n del pedido.<\/p>\n<h2>7. Con entrega de la mercanc\u00eda<\/h2>\n<p>7.1 La entrega de la mercanc\u00eda debe realizarse en la direcci\u00f3n del comprador. El comprador debe tomar todas las disposiciones necesarias para recibir la mercanc\u00eda en la fecha comunicada por el vendedor para la entrega.<\/p>\n<p>7.2 El vendedor se compromete a hacer todo lo posible para enviar los productos en una fecha de entrega acordada, pero no garantiza hacerlo. Los plazos de entrega no son esenciales para el contrato.<\/p>\n<p>7.2 El vendedor no ser\u00e1 responsable ante el comprador por p\u00e9rdidas o da\u00f1os derivados directa o indirectamente de la entrega tard\u00eda o anticipada de la mercanc\u00eda. En caso de entrega anticipada, el comprador se compromete a no rechazar la mercanc\u00eda, sino a aceptarla como parte del cumplimiento del contrato.<\/p>\n<p>7.4 Si el comprador no acepta la entrega de la mercanc\u00eda en la fecha acordada de entrega o, si no se ha acordado una fecha espec\u00edfica de entrega, cuando la mercanc\u00eda est\u00e9 lista para ser enviada, el vendedor tendr\u00e1 derecho a retener y asegurar la mercanc\u00eda y cargar al comprador los costos razonables de hacerlo.<\/p>\n<h2>8. Accettazione della mercanc\u00eda<\/h2>\n<p>8.1 Se considera que el Comprador ha aceptado la Mercanc\u00eda 48 horas despu\u00e9s de la entrega al Comprador.<\/p>\n<p>8.2 El Comprador deber\u00e1 realizar una inspecci\u00f3n exhaustiva de la Mercanc\u00eda dentro de las 48 horas posteriores a la entrega y deber\u00e1 enviar una notificaci\u00f3n escrita al Vendedor dentro de los 5 d\u00edas h\u00e1biles siguientes a la entrega de la Mercanc\u00eda sobre cualquier defecto que un examen razonable hubiera revelado.<\/p>\n<p>8.3 En caso de que el Comprador haya aceptado, o se considere que ha aceptado, los Productos, el Comprador no tendr\u00e1 derecho a rechazar los Productos que no cumplan con el contrato.<\/p>\n<h2>9. Titularidad y riesgo<\/h2>\n<p>9.1 El riesgo se transfiere en la entrega de la mercanc\u00eda en la direcci\u00f3n del comprador.<\/p>\n<p>9.2 Sin perjuicio de la transferencia anticipada del riesgo, la propiedad de la mercanc\u00eda permanecer\u00e1 con el vendedor y no se transferir\u00e1 al comprador hasta que el importe debido en la factura (incluidos intereses y costos) no haya sido completamente pagado.<\/p>\n<p>9.3 Hasta que se transfiera la titularidad, el Comprador mantendr\u00e1 los Productos como custodio para el Vendedor y los almacenar\u00e1 o los marcar\u00e1 de manera que puedan ser identificados en todo momento como propiedad del Vendedor.<\/p>\n<p>9.4 El Vendedor puede, en cualquier momento antes de que se transfiera la titularidad y sin ninguna responsabilidad hacia el Comprador:<\/p>\n<p>9.4.1 Recuperar, desmantelar, utilizar o vender todo o parte de los Bienes y, de esta manera, poner fin al derecho del comprador de usar, vender o negociar de otra manera; y<\/p>\n<p>9.4.2 Para este prop\u00f3sito (o determinar qu\u00e9 sucede si alg\u00fan bien est\u00e1 en posesi\u00f3n del Comprador e inspeccionarlo), ingresar a cualquier local ocupado por el Comprador.<\/p>\n<p>9.5 El Vendedor puede mantener una acci\u00f3n por el precio de cualquier Mercanc\u00eda a pesar de que el t\u00edtulo no se haya transferido al Comprador.<\/p>\n<h2>10. Transporte de mercanc\u00edas<\/h2>\n<p>El transporte ser\u00e1 facturable en todas las ventas. Esto se cobrar\u00e1 a un costo de 5.90 EUR IVA incluido para entregas en Italia, y 20 EUR para el resto de Europa. Consulte los t\u00e9rminos de entrega para obtener m\u00e1s informaci\u00f3n.<\/p>\n\t\t\t\t\t\t\t\t<\/div>\n\t\t\t\t<\/div>\n\t\t\t\t\t<\/div>\n\t\t\t\t<\/div>\n\t\t\t\t<\/div>\n\t\t","protected":false},"excerpt":{"rendered":"<p>1. Definiciones Comprador: la persona o la empresa que compra o acepta comprar la mercanc\u00eda del Vendedor. Condiciones: los t\u00e9rminos y condiciones de venta indicados en este documento y todos los t\u00e9rminos y condiciones especiales acordados por escrito por el Vendedor. Mercanc\u00eda: los art\u00edculos que el Comprador acepta comprar del Vendedor. Precio: el precio de [&hellip;]<\/p>\n","protected":false},"author":1,"featured_media":0,"parent":0,"menu_order":0,"comment_status":"closed","ping_status":"closed","template":"elementor_header_footer","meta":{"_acf_changed":false,"footnotes":""},"class_list":["post-9230","page","type-page","status-publish","hentry"],"acf":[],"_links":{"self":[{"href":"https:\/\/oxxot.com\/es\/wp-json\/wp\/v2\/pages\/9230","targetHints":{"allow":["GET"]}}],"collection":[{"href":"https:\/\/oxxot.com\/es\/wp-json\/wp\/v2\/pages"}],"about":[{"href":"https:\/\/oxxot.com\/es\/wp-json\/wp\/v2\/types\/page"}],"author":[{"embeddable":true,"href":"https:\/\/oxxot.com\/es\/wp-json\/wp\/v2\/users\/1"}],"replies":[{"embeddable":true,"href":"https:\/\/oxxot.com\/es\/wp-json\/wp\/v2\/comments?post=9230"}],"version-history":[{"count":0,"href":"https:\/\/oxxot.com\/es\/wp-json\/wp\/v2\/pages\/9230\/revisions"}],"wp:attachment":[{"href":"https:\/\/oxxot.com\/es\/wp-json\/wp\/v2\/media?parent=9230"}],"curies":[{"name":"wp","href":"https:\/\/api.w.org\/{rel}","templated":true}]}}