{"id":9223,"date":"2023-12-03T08:45:59","date_gmt":"2023-12-03T07:45:59","guid":{"rendered":"https:\/\/oxxot.com\/privacy-policy\/"},"modified":"2024-07-11T14:56:56","modified_gmt":"2024-07-11T12:56:56","slug":"privacy-policy","status":"publish","type":"page","link":"https:\/\/oxxot.com\/es\/privacy-policy\/","title":{"rendered":"Privacy Policy"},"content":{"rendered":"\t\t<div data-elementor-type=\"wp-page\" data-elementor-id=\"9223\" class=\"elementor elementor-9223 elementor-7\" data-elementor-post-type=\"page\">\n\t\t\t\t<div class=\"elementor-element elementor-element-4b71184 e-con-full e-flex e-con e-parent\" data-id=\"4b71184\" data-element_type=\"container\">\n\t\t\t\t<div class=\"elementor-element elementor-element-3616462 elementor-widget elementor-widget-shortcode\" data-id=\"3616462\" data-element_type=\"widget\" data-widget_type=\"shortcode.default\">\n\t\t\t\t<div class=\"elementor-widget-container\">\n\t\t\t\t\t\t\t<div class=\"elementor-shortcode\">\t\t<div data-elementor-type=\"section\" data-elementor-id=\"9432\" class=\"elementor elementor-9432 elementor-5609 elementor-5609\" data-elementor-post-type=\"elementor_library\">\n\t\t\t<div class=\"elementor-element elementor-element-57cf5ff e-con-full e-flex e-con e-parent\" data-id=\"57cf5ff\" data-element_type=\"container\">\n\t\t<div class=\"elementor-element elementor-element-f542f30 e-flex e-con-boxed e-con e-child\" data-id=\"f542f30\" data-element_type=\"container\" data-settings=\"{&quot;background_background&quot;:&quot;classic&quot;}\">\n\t\t\t\t\t<div class=\"e-con-inner\">\n\t\t<div class=\"elementor-element elementor-element-6106879 e-flex e-con-boxed e-con e-child\" data-id=\"6106879\" data-element_type=\"container\">\n\t\t\t\t\t<div class=\"e-con-inner\">\n\t\t\t\t<div class=\"elementor-element elementor-element-096f13b elementor-widget__width-initial has-dots elementor-widget elementor-widget-heading\" data-id=\"096f13b\" data-element_type=\"widget\" data-widget_type=\"heading.default\">\n\t\t\t\t<div class=\"elementor-widget-container\">\n\t\t\t\t\t<h1 class=\"elementor-heading-title elementor-size-default\">Privacy Policy<\/h1>\t\t\t\t<\/div>\n\t\t\t\t<\/div>\n\t\t\t\t<div class=\"elementor-element elementor-element-76092ca elementor-absolute e-transform elementor-widget elementor-widget-image\" data-id=\"76092ca\" data-element_type=\"widget\" data-settings=\"{&quot;_position&quot;:&quot;absolute&quot;,&quot;_transform_rotateZ_effect&quot;:{&quot;unit&quot;:&quot;px&quot;,&quot;size&quot;:12,&quot;sizes&quot;:[]},&quot;_transform_rotateZ_effect_tablet&quot;:{&quot;unit&quot;:&quot;deg&quot;,&quot;size&quot;:&quot;&quot;,&quot;sizes&quot;:[]},&quot;_transform_rotateZ_effect_mobile&quot;:{&quot;unit&quot;:&quot;deg&quot;,&quot;size&quot;:&quot;&quot;,&quot;sizes&quot;:[]}}\" data-widget_type=\"image.default\">\n\t\t\t\t<div class=\"elementor-widget-container\">\n\t\t\t\t\t\t\t\t\t\t\t\t\t\t\t<img decoding=\"async\" width=\"103\" height=\"105\" src=\"https:\/\/oxxot.com\/wp-content\/uploads\/2024\/01\/oxxot-dots.png\" class=\"attachment-large size-large wp-image-5842\" alt=\"\" \/>\t\t\t\t\t\t\t\t\t\t\t\t\t\t\t<\/div>\n\t\t\t\t<\/div>\n\t\t\t\t\t<\/div>\n\t\t\t\t<\/div>\n\t\t\t\t\t<\/div>\n\t\t\t\t<\/div>\n\t\t\t\t<\/div>\n\t\t\t\t<\/div>\n\t\t<\/div>\n\t\t\t\t\t\t<\/div>\n\t\t\t\t<\/div>\n\t\t\t\t<\/div>\n\t\t<div class=\"elementor-element elementor-element-7c96811 e-flex e-con-boxed e-con e-parent\" data-id=\"7c96811\" data-element_type=\"container\">\n\t\t\t\t\t<div class=\"e-con-inner\">\n\t\t\t\t<div class=\"elementor-element elementor-element-4ff07bf elementor-widget__width-initial elementor-widget elementor-widget-heading\" data-id=\"4ff07bf\" data-element_type=\"widget\" data-widget_type=\"heading.default\">\n\t\t\t\t<div class=\"elementor-widget-container\">\n\t\t\t\t\t<h2 class=\"elementor-heading-title elementor-size-default\">Qual \u00e8 l\u2019ambito applicativo di questa informativa privacy?<\/h2>\t\t\t\t<\/div>\n\t\t\t\t<\/div>\n\t\t\t\t<div class=\"elementor-element elementor-element-0f40792 elementor-widget elementor-widget-text-editor\" data-id=\"0f40792\" data-element_type=\"widget\" data-widget_type=\"text-editor.default\">\n\t\t\t\t<div class=\"elementor-widget-container\">\n\t\t\t\t\t\t\t\t\t<p>Esta Pol\u00edtica de privacidad abarca los sitios web, las aplicaciones m\u00f3viles y los servicios digitales que publican o se vinculan con esta Pol\u00edtica de privacidad. Con esta declaraci\u00f3n, OXXOT S.r.l., incluidas sus subsidiarias (colectivamente \u00abOXXOT\u00bb, \u00abnosotros\u00bb, \u00abnuestro\u00bb o \u00abnosotros\u00bb), desea informarte sobre los Datos personales que podr\u00edamos recopilar sobre ti, c\u00f3mo los recopilamos, para qu\u00e9 fines los utilizamos, a qui\u00e9n podemos divulgarlos, y finalmente, sobre los derechos que podr\u00edas tener con respecto a la restricci\u00f3n de nuestro uso de tus Datos personales. En el contexto de esta Pol\u00edtica de privacidad, nos referiremos colectivamente al t\u00e9rmino \u00absitios web\u00bb para incluir sitios web, aplicaciones y servicios digitales que publican o se vinculan con esta Pol\u00edtica de privacidad.<\/p>\n\t\t\t\t\t\t\t\t<\/div>\n\t\t\t\t<\/div>\n\t\t\t\t<div class=\"elementor-element elementor-element-5aed36f elementor-widget__width-initial elementor-widget elementor-widget-heading\" data-id=\"5aed36f\" data-element_type=\"widget\" data-widget_type=\"heading.default\">\n\t\t\t\t<div class=\"elementor-widget-container\">\n\t\t\t\t\t<h2 class=\"elementor-heading-title elementor-size-default\">\u00bfQu\u00e9 datos personales podemos recopilar sobre ti?<\/h2>\t\t\t\t<\/div>\n\t\t\t\t<\/div>\n\t\t\t\t<div class=\"elementor-element elementor-element-1712d5c elementor-widget elementor-widget-text-editor\" data-id=\"1712d5c\" data-element_type=\"widget\" data-widget_type=\"text-editor.default\">\n\t\t\t\t<div class=\"elementor-widget-container\">\n\t\t\t\t\t\t\t\t\t<p>A trav\u00e9s de nuestros sitios web vinculados a esta Pol\u00edtica de privacidad, recopilaremos y procesaremos datos personales que no te identificar\u00e1n directamente por nombre (por ejemplo, la direcci\u00f3n IP) ni incluir\u00e1n tus detalles de contacto, pero que podr\u00edan usarse para identificar el acceso a nuestro sitio desde un equipo o dispositivo espec\u00edfico, y que, si se combinan con cierta informaci\u00f3n adicional, podr\u00edan usarse para identificarte. Recibimos los datos personales mencionados a trav\u00e9s de tus interacciones con nuestros sitios web.<\/p>\n<p>Los datos personales que procesamos sobre ti a trav\u00e9s de nuestros sitios web vinculados a esta Pol\u00edtica de privacidad pueden incluir las siguientes categor\u00edas:<\/p>\n<p>\u2022 Datos personales de identificaci\u00f3n;<br \/>\u2022 Identificadores en l\u00ednea;<br \/>\u2022 Direcci\u00f3n IP;<br \/>\u2022 Datos de nuestras cookies;<br \/>\u2022 Cookies de terceros; y\/o<br \/>\u2022 Uso y participaci\u00f3n en redes sociales.<\/p>\n<p>Cuando recopilamos datos personales identificables directamente sobre ti, los siguientes avisos de privacidad te proporcionar\u00e1n detalles adicionales sobre qu\u00e9 datos podemos recopilar, c\u00f3mo llevaremos a cabo esa recopilaci\u00f3n y con qu\u00e9 prop\u00f3sitos, a qui\u00e9n podr\u00edamos divulgarlos eventualmente y, finalmente, qu\u00e9 derechos podr\u00edas tener para limitar nuestro uso de tus datos personales. Haz clic en los siguientes avisos de privacidad relevantes para tus interacciones con nosotros: Aviso de privacidad GDPR para HCP, Aviso de privacidad para consumidores, Aviso de privacidad para pacientes.<\/p>\n\t\t\t\t\t\t\t\t<\/div>\n\t\t\t\t<\/div>\n\t\t\t\t<div class=\"elementor-element elementor-element-990c2d6 elementor-widget__width-initial elementor-widget elementor-widget-heading\" data-id=\"990c2d6\" data-element_type=\"widget\" data-widget_type=\"heading.default\">\n\t\t\t\t<div class=\"elementor-widget-container\">\n\t\t\t\t\t<h2 class=\"elementor-heading-title elementor-size-default\">\u00bfC\u00f3mo utilizaremos tus datos personales?<\/h2>\t\t\t\t<\/div>\n\t\t\t\t<\/div>\n\t\t\t\t<div class=\"elementor-element elementor-element-dc74eec elementor-widget elementor-widget-text-editor\" data-id=\"dc74eec\" data-element_type=\"widget\" data-widget_type=\"text-editor.default\">\n\t\t\t\t<div class=\"elementor-widget-container\">\n\t\t\t\t\t\t\t\t\t<p>El procesamiento de tus datos personales incluir\u00e1 situaciones en las que podr\u00edamos registrar, organizar, estructurar, almacenar, adaptar o modificar, recuperar, consultar, utilizar, divulgar mediante transmisi\u00f3n, difundir o poner a disposici\u00f3n de otra manera, alinear o combinar, limitar, eliminar o destruir tus datos personales.<\/p>\n<p>Podemos procesar tus datos personales para los siguientes fines:<\/p>\n<p>\u2022 Garantizar el cumplimiento de nuestra empresa y la seguridad de nuestras sedes y redes;<br \/>\u2022 Autorizaci\u00f3n, provisi\u00f3n, administraci\u00f3n, monitoreo y suspensi\u00f3n del acceso o uso de sistemas, sedes, informaci\u00f3n, bienes de propiedad e infraestructuras de OXXOT;<br \/>\u2022 Monitorear tus interacciones con nosotros;<br \/>\u2022 Revisar nuestros programas y servicios para asegurar su conformidad;<br \/>\u2022 Cuando estamos legalmente obligados a procesar datos personales;<br \/>\u2022 An\u00e1lisis estad\u00edstico, incluidos los an\u00e1lisis realizados por nuestros proveedores.<br \/>\u2022 Administraci\u00f3n de sitios web; y\/o<br \/>\u2022 Actividades de marketing, incluido el seguimiento de cookies de terceros y la creaci\u00f3n de un perfil basado en \u00e1reas de inter\u00e9s, en relaci\u00f3n con tus interacciones con nosotros u otros.<br \/>Para cualquier prop\u00f3sito adicional donde estemos obligados a informarte y obtener tu consentimiento, incluidos los prop\u00f3sitos establecidos por la legislaci\u00f3n local vigente, obtendremos tu consentimiento antes de procesar tus Datos personales para esos fines.<\/p>\n\t\t\t\t\t\t\t\t<\/div>\n\t\t\t\t<\/div>\n\t\t\t\t<div class=\"elementor-element elementor-element-ac1decd elementor-widget__width-initial elementor-widget elementor-widget-heading\" data-id=\"ac1decd\" data-element_type=\"widget\" data-widget_type=\"heading.default\">\n\t\t\t\t<div class=\"elementor-widget-container\">\n\t\t\t\t\t<h2 class=\"elementor-heading-title elementor-size-default\">\u00bfCu\u00e1les son nuestras bases legales para el tratamiento de tus datos personales?<\/h2>\t\t\t\t<\/div>\n\t\t\t\t<\/div>\n\t\t\t\t<div class=\"elementor-element elementor-element-e1cccff elementor-widget elementor-widget-text-editor\" data-id=\"e1cccff\" data-element_type=\"widget\" data-widget_type=\"text-editor.default\">\n\t\t\t\t<div class=\"elementor-widget-container\">\n\t\t\t\t\t\t\t\t\t<p>La base legal aplicable para nuestro tratamiento de tus Datos personales, para los fines mencionados anteriormente, incluye lo siguiente:<\/p>\n<p>\u2022 Tu consentimiento: En algunos casos, podemos solicitar tu consentimiento para la recopilaci\u00f3n y tratamiento de Datos personales. Si decides dar este consentimiento, puedes revocarlo posteriormente contact\u00e1ndonos como se explica en la secci\u00f3n \u00abC\u00f3mo puedes contactarnos\u00bb a continuaci\u00f3n. Te recordamos que la revocaci\u00f3n del consentimiento no afectar\u00e1 al tratamiento de tus Datos personales que ya haya tenido lugar. Cuando tratemos tus Datos personales bas\u00e1ndonos en tu consentimiento, recibir\u00e1s informaci\u00f3n m\u00e1s detallada de nuestra parte en la fecha de emisi\u00f3n del consentimiento.<\/p>\n<p>\u2022 Cumplimiento de las leyes vigentes o cumplimiento de un contrato: En ciertas circunstancias, puede ser necesario procesar tus Datos personales para cumplir con obligaciones legislativas\/regulatorias pertinentes o con nuestros compromisos en virtud de un contrato al que est\u00e1s sujeto. Cuando tratamos tus Datos personales para cumplir con nuestras obligaciones legales, es probable que no se te permita impugnar dicho tratamiento. Sin embargo, en general tendr\u00e1s el derecho de acceder a toda la informaci\u00f3n relevante o revisarla, a menos que esto afecte el cumplimiento de las obligaciones legales a las que estamos sujetos. Si el tratamiento se realiza para cumplir con nuestras obligaciones contractuales, basado en un instrumento que has firmado, es posible que no puedas objetar el tratamiento de los datos. Asimismo, si decides darte de baja o impugnar dicho tratamiento, podr\u00edas comprometer nuestra capacidad para cumplir con una obligaci\u00f3n que te corresponde seg\u00fan las cl\u00e1usulas contractuales.<br \/>\u2022 Nuestros intereses leg\u00edtimos: Podremos procesar tus Datos personales en base a nuestros intereses leg\u00edtimos, en las comunicaciones contigo y en la gesti\u00f3n de nuestras interacciones relacionadas con nuestros productos y servicios, as\u00ed como en investigaciones cient\u00edficas y oportunidades educativas. Adem\u00e1s de otros derechos que puedan reconocerte, enumerados a continuaci\u00f3n, tendr\u00e1s la facultad de impugnar este tratamiento de tus Datos personales. Puedes registrar esta objeci\u00f3n contact\u00e1ndonos seg\u00fan se explica en la secci\u00f3n \u00abC\u00f3mo puedes contactarnos\u00bb que sigue a continuaci\u00f3n.<br \/>Cookies y tecnolog\u00edas similares que recopilan Datos personales.<br \/>Web beacon<br \/>En nuestros sitios web podr\u00edamos utilizar una tecnolog\u00eda llamada \u00abweb beacon\u00bb, que permite recopilar informaci\u00f3n sobre las conexiones a Internet. Un web beacon es una peque\u00f1a imagen gr\u00e1fica en una p\u00e1gina web o dentro de un correo electr\u00f3nico, que rastrea las p\u00e1ginas visitadas o los mensajes abiertos. La informaci\u00f3n sobre tus conexiones a Internet se recopila cuando visitas uno de nuestros sitios, desde el servidor que aloja nuestro sitio web (llamado \u00abwebserver\u00bb).<\/p>\n<p>En ciertas p\u00e1ginas web o mensajes de correo electr\u00f3nico que te enviemos, podr\u00edamos utilizar una tecnolog\u00eda llamada \u00abweb beacon\u00bb (tambi\u00e9n conocida como \u00abaction tag\u00bb o \u00abtecnolog\u00eda clear GIF\u00bb). Podr\u00edamos utilizar web beacons en el esfuerzo por determinar qu\u00e9 de nuestros correos electr\u00f3nicos son abiertos, y si un mensaje espec\u00edfico ha resultado en acciones pr\u00e1cticas. Adem\u00e1s, los web beacons ayudan a analizar la eficacia de los sitios web al cuantificar el n\u00famero de visitantes o cu\u00e1ntos visitantes hacen clic en elementos clave de un sitio.<\/p>\n\t\t\t\t\t\t\t\t<\/div>\n\t\t\t\t<\/div>\n\t\t\t\t\t<\/div>\n\t\t\t\t<\/div>\n\t\t\t\t<\/div>\n\t\t","protected":false},"excerpt":{"rendered":"<p>Qual \u00e8 l\u2019ambito applicativo di questa informativa privacy? Esta Pol\u00edtica de privacidad abarca los sitios web, las aplicaciones m\u00f3viles y los servicios digitales que publican o se vinculan con esta Pol\u00edtica de privacidad. Con esta declaraci\u00f3n, OXXOT S.r.l., incluidas sus subsidiarias (colectivamente \u00abOXXOT\u00bb, \u00abnosotros\u00bb, \u00abnuestro\u00bb o \u00abnosotros\u00bb), desea informarte sobre los Datos personales que podr\u00edamos [&hellip;]<\/p>\n","protected":false},"author":1,"featured_media":0,"parent":0,"menu_order":0,"comment_status":"closed","ping_status":"open","template":"","meta":{"_acf_changed":false,"footnotes":""},"class_list":["post-9223","page","type-page","status-publish","hentry"],"acf":[],"_links":{"self":[{"href":"https:\/\/oxxot.com\/es\/wp-json\/wp\/v2\/pages\/9223","targetHints":{"allow":["GET"]}}],"collection":[{"href":"https:\/\/oxxot.com\/es\/wp-json\/wp\/v2\/pages"}],"about":[{"href":"https:\/\/oxxot.com\/es\/wp-json\/wp\/v2\/types\/page"}],"author":[{"embeddable":true,"href":"https:\/\/oxxot.com\/es\/wp-json\/wp\/v2\/users\/1"}],"replies":[{"embeddable":true,"href":"https:\/\/oxxot.com\/es\/wp-json\/wp\/v2\/comments?post=9223"}],"version-history":[{"count":0,"href":"https:\/\/oxxot.com\/es\/wp-json\/wp\/v2\/pages\/9223\/revisions"}],"wp:attachment":[{"href":"https:\/\/oxxot.com\/es\/wp-json\/wp\/v2\/media?parent=9223"}],"curies":[{"name":"wp","href":"https:\/\/api.w.org\/{rel}","templated":true}]}}